{"id":24,"date":"2021-02-04T09:04:12","date_gmt":"2021-02-04T09:04:12","guid":{"rendered":"https:\/\/reservaseltaxi.com\/excellencetaxibcn\/?page_id=24"},"modified":"2022-02-22T18:40:06","modified_gmt":"2022-02-22T18:40:06","slug":"home","status":"publish","type":"page","link":"https:\/\/reservaseltaxi.com\/excellencetaxibcn\/","title":{"rendered":"Home"},"content":{"rendered":"<p>[et_pb_section fb_built=\u00bb1&#8243; fullwidth=\u00bbon\u00bb _builder_version=\u00bb4.7.7&#8243; bottom_divider_height=\u00bb85px\u00bb bottom_divider_flip=\u00bbvertical\u00bb global_colors_info=\u00bb{}\u00bb][et_pb_fullwidth_header title=\u00bbWeb de Reservas Excellence  Taxi\u00bb subhead=\u00bbReg\u00edstrate en %22Alta de servicio%22 y solicita tu taxi premium\u00bb text_orientation=\u00bbcenter\u00bb header_scroll_down=\u00bbon\u00bb scroll_down_icon=\u00bb%%1%%\u00bb button_one_text=\u00bbLogin particulares\u00bb button_one_url=\u00bbhttp:\/\/taxiweb.reservaseltaxi.com\/TW\/particular\/login\/\u00bb button_two_text=\u00bbLogin empresas\u00bb button_two_url=\u00bbhttp:\/\/taxiweb.reservaseltaxi.com\/TW\/abonado\/login\/\/registro\/registro.php?f=59&#8243; _builder_version=\u00bb4.14.8&#8243; title_font=\u00bb|600|||||||\u00bb title_font_size=\u00bb40px\u00bb subhead_font=\u00bb|600|||||||\u00bb subhead_font_size=\u00bb26px\u00bb background_enable_color=\u00bboff\u00bb background_image=\u00bbhttps:\/\/reservaseltaxi.com\/excellencetaxibcn\/wp-content\/uploads\/sites\/5\/2021\/03\/banner_taxi_premium.jpg\u00bb custom_padding=\u00bb437px||45px||false|false\u00bb custom_padding_tablet=\u00bb241px||||false|false\u00bb custom_padding_phone=\u00bb57px||||false|false\u00bb custom_padding_last_edited=\u00bbon|phone\u00bb animation_style=\u00bbzoom\u00bb hover_enabled=\u00bb0&#8243; global_colors_info=\u00bb{}\u00bb sticky_enabled=\u00bb0&#8243;][\/et_pb_fullwidth_header][\/et_pb_section][et_pb_section fb_built=\u00bb1&#8243; _builder_version=\u00bb4.7.7&#8243; background_color=\u00bb#000000&#8243; custom_margin=\u00bb||-109px||false|false\u00bb global_colors_info=\u00bb{}\u00bb][et_pb_row _builder_version=\u00bb4.7.7&#8243; global_colors_info=\u00bb{}\u00bb][et_pb_column type=\u00bb4_4&#8243; _builder_version=\u00bb4.7.7&#8243; global_colors_info=\u00bb{}\u00bb][et_pb_image src=\u00bbhttps:\/\/reservaseltaxi.com\/excellencetaxibcn\/wp-content\/uploads\/sites\/5\/2021\/02\/excellence-reservas.png\u00bb title_text=\u00bbexcellence-reservas\u00bb align=\u00bbright\u00bb _builder_version=\u00bb4.7.7&#8243; z_index=\u00bb9&#8243; width=\u00bb64%\u00bb width_tablet=\u00bb\u00bb width_phone=\u00bb27%\u00bb width_last_edited=\u00bbon|tablet\u00bb max_width=\u00bb64%\u00bb custom_margin=\u00bb-161px||||false|false\u00bb scroll_horizontal_motion_enable=\u00bbon\u00bb scroll_horizontal_motion_tablet=\u00bb0|74|74|100|3.5|-1|-4&#8243; scroll_horizontal_motion_phone=\u00bb0|74|74|100|3.5|-1|-4&#8243; scroll_horizontal_motion_last_edited=\u00bbon|tablet\u00bb global_colors_info=\u00bb{}\u00bb]<\/p>\n<p>[\/et_pb_image][\/et_pb_column][\/et_pb_row][\/et_pb_section][et_pb_section fb_built=\u00bb1&#8243; _builder_version=\u00bb4.3.2&#8243; global_colors_info=\u00bb{}\u00bb][et_pb_row _builder_version=\u00bb4.3.2&#8243; global_colors_info=\u00bb{}\u00bb][et_pb_column type=\u00bb4_4&#8243; _builder_version=\u00bb4.3.2&#8243; global_colors_info=\u00bb{}\u00bb][et_pb_text _builder_version=\u00bb4.5.1&#8243; header_font=\u00bbMontserrat|700|||||||\u00bb header_2_font=\u00bbMontserrat|600|||||||\u00bb global_colors_info=\u00bb{}\u00bb]<\/p>\n<h2 style=\"text-align: center;\">Plataforma online de reservas de taxis para<br \/> empresas y clientes habituales de taxi<\/h2>\n<p>[\/et_pb_text][\/et_pb_column][\/et_pb_row][et_pb_row column_structure=\u00bb1_3,1_3,1_3&#8243; _builder_version=\u00bb4.7.7&#8243; animation_style=\u00bbzoom\u00bb animation_delay=\u00bb300ms\u00bb global_colors_info=\u00bb{}\u00bb][et_pb_column type=\u00bb1_3&#8243; _builder_version=\u00bb4.7.7&#8243; background_color=\u00bb#000000&#8243; link_option_url=\u00bbhttp:\/\/eltaxiweb.radiotaxi033.com\/registro.php\u00bb link_option_url_new_window=\u00bbon\u00bb border_width_all=\u00bb1px\u00bb border_color_all=\u00bb#000000&#8243; box_shadow_style=\u00bbpreset2&#8243; global_colors_info=\u00bb{}\u00bb filter_hue_rotate__hover_enabled=\u00bbon|hover\u00bb filter_hue_rotate__hover=\u00bb289deg\u00bb background__hover_enabled=\u00bbon|hover\u00bb background_color__hover=\u00bb#19ff34&#8243; background_enable_color__hover=\u00bbon\u00bb][et_pb_image src=\u00bbhttps:\/\/reservaseltaxi.com\/excellencetaxibcn\/wp-content\/uploads\/sites\/5\/2020\/12\/taxi-web-alta.png\u00bb url=\u00bbhttp:\/\/taxiweb.reservaseltaxi.com\/TW\/particular\/registro\/registro.php?f=59&#8243; _builder_version=\u00bb4.7.7&#8243; global_colors_info=\u00bb{}\u00bb]<\/p>\n<p>[\/et_pb_image][et_pb_text _builder_version=\u00bb4.7.7&#8243; header_3_font=\u00bb|600|||||||\u00bb header_3_text_align=\u00bbcenter\u00bb header_3_text_color=\u00bb#ffffff\u00bb header_3_font_size=\u00bb28px\u00bb custom_margin=\u00bb-12px||15px||false|false\u00bb link_option_url=\u00bbhttp:\/\/taxiweb.reservaseltaxi.com\/TW\/particular\/registro\/registro.php?f=59&#8243; global_colors_info=\u00bb{}\u00bb]<\/p>\n<h3><a href=\"http:\/\/taxiweb.reservaseltaxi.com\/TW\/particular\/registro\/registro.php?f=59\" target=\"_blank\" rel=\"noopener noreferrer\">Alta de servicio<\/a><\/h3>\n<p>[\/et_pb_text][\/et_pb_column][et_pb_column type=\u00bb1_3&#8243; _builder_version=\u00bb4.7.7&#8243; background_color=\u00bb#000000&#8243; border_width_all=\u00bb1px\u00bb border_color_all=\u00bb#000000&#8243; box_shadow_style=\u00bbpreset2&#8243; global_colors_info=\u00bb{}\u00bb filter_hue_rotate__hover=\u00bb289deg\u00bb filter_hue_rotate__hover_enabled=\u00bbon|hover\u00bb background__hover_enabled=\u00bbon|hover\u00bb background_color__hover=\u00bb#19ff34&#8243; background_enable_color__hover=\u00bbon\u00bb][et_pb_image src=\u00bbhttps:\/\/reservaseltaxi.com\/excellencetaxibcn\/wp-content\/uploads\/sites\/5\/2020\/12\/Empresas-el-taxi-web.png\u00bb url=\u00bbhttp:\/\/taxiweb.reservaseltaxi.com\/TW\/abonado\/login\/\u00bb _builder_version=\u00bb4.14.8&#8243; hover_enabled=\u00bb0&#8243; locked=\u00bboff\u00bb global_colors_info=\u00bb{}\u00bb sticky_enabled=\u00bb0&#8243;]<\/p>\n<p>[\/et_pb_image][et_pb_text _builder_version=\u00bb4.14.8&#8243; header_3_font=\u00bb|600|||||||\u00bb header_3_text_align=\u00bbcenter\u00bb header_3_text_color=\u00bb#ffffff\u00bb header_3_font_size=\u00bb28px\u00bb custom_margin=\u00bb-12px||15px||false|false\u00bb hover_enabled=\u00bb0&#8243; locked=\u00bboff\u00bb global_colors_info=\u00bb{}\u00bb content__hover_enabled=\u00bbon|hover\u00bb content__hover=\u00bb<\/p>\n<h3><a href=%22http:\/\/taxiweb.reservaseltaxi.com\/TW\/abonado\/login\/%22>Acceder<\/a><\/h3>\n<p>\u00bb sticky_enabled=\u00bb0&#8243;]<\/p>\n<h3><a href=\"http:\/\/taxiweb.reservaseltaxi.com\/TW\/abonado\/login\/\">Empresas<\/a><\/h3>\n<p>[\/et_pb_text][\/et_pb_column][et_pb_column type=\u00bb1_3&#8243; _builder_version=\u00bb4.7.7&#8243; background_color=\u00bb#000000&#8243; link_option_url=\u00bbhttp:\/\/eltaxiweb.radiotaxi033.com\/aparticular.php\u00bb border_width_all=\u00bb1px\u00bb border_color_all=\u00bb#000000&#8243; box_shadow_style=\u00bbpreset2&#8243; global_colors_info=\u00bb{}\u00bb filter_hue_rotate__hover=\u00bb289deg\u00bb filter_hue_rotate__hover_enabled=\u00bbon|hover\u00bb background__hover_enabled=\u00bbon|hover\u00bb background_color__hover=\u00bb#19ff34&#8243; background_enable_color__hover=\u00bbon\u00bb][et_pb_image src=\u00bbhttps:\/\/reservaseltaxi.com\/excellencetaxibcn\/wp-content\/uploads\/sites\/5\/2020\/12\/Particulares.png\u00bb url=\u00bbhttp:\/\/taxiweb.reservaseltaxi.com\/TW\/particular\/login\/\u00bb _builder_version=\u00bb4.14.8&#8243; hover_enabled=\u00bb0&#8243; locked=\u00bboff\u00bb global_colors_info=\u00bb{}\u00bb sticky_enabled=\u00bb0&#8243;]<\/p>\n<p>[\/et_pb_image][et_pb_text _builder_version=\u00bb4.14.8&#8243; header_3_font=\u00bb|600|||||||\u00bb header_3_text_align=\u00bbcenter\u00bb header_3_text_color=\u00bb#ffffff\u00bb header_3_font_size=\u00bb28px\u00bb custom_margin=\u00bb-12px||15px||false|false\u00bb link_option_url=\u00bbhttps:\/\/reservaseltaxi.com\/\u00bb hover_enabled=\u00bb0&#8243; locked=\u00bboff\u00bb global_colors_info=\u00bb{}\u00bb content__hover_enabled=\u00bbon|hover\u00bb sticky_enabled=\u00bb0&#8243; content__hover=\u00bb<\/p>\n<h3><a href=%22http:\/\/taxiweb.reservaseltaxi.com\/TW\/particular\/login\/%22 rel=%22noreferrer%22>Acceder<\/a><\/h3>\n<p>\u00ab]<\/p>\n<h3><a href=\"http:\/\/taxiweb.reservaseltaxi.com\/TW\/particular\/login\/\" rel=\"noreferrer\">Particulares<\/a><\/h3>\n<p>[\/et_pb_text][\/et_pb_column][\/et_pb_row][\/et_pb_section][et_pb_section fb_built=\u00bb1&#8243; admin_label=\u00bbPopup &#8211; #undefined\u00bb _builder_version=\u00bb4.7.7&#8243; background_color=\u00bb#000000&#8243; global_colors_info=\u00bb{}\u00bb][et_pb_row _builder_version=\u00bb4.3.2&#8243; animation_style=\u00bbslide\u00bb animation_direction=\u00bbleft\u00bb global_colors_info=\u00bb{}\u00bb][et_pb_column type=\u00bb4_4&#8243; _builder_version=\u00bb4.3.2&#8243; global_colors_info=\u00bb{}\u00bb][et_pb_text _builder_version=\u00bb4.3.2&#8243; header_2_font=\u00bb|600|||||||\u00bb header_2_text_align=\u00bbcenter\u00bb header_2_text_color=\u00bb#ffffff\u00bb header_2_font_size=\u00bb37px\u00bb global_colors_info=\u00bb{}\u00bb]<\/p>\n<h2>\u00bfC\u00d3MO FUNCIONA?<\/h2>\n<p>[\/et_pb_text][et_pb_divider color=\u00bb#ffffff\u00bb divider_weight=\u00bb3px\u00bb _builder_version=\u00bb4.3.2&#8243; width=\u00bb11%\u00bb width_tablet=\u00bb\u00bb width_phone=\u00bb\u00bb width_last_edited=\u00bbon|tablet\u00bb max_width=\u00bb100%\u00bb module_alignment=\u00bbleft\u00bb custom_margin=\u00bb-35px||||false|false\u00bb custom_padding=\u00bb|||485px|false|false\u00bb custom_padding_tablet=\u00bb|||137px|false|false\u00bb custom_padding_phone=\u00bb|||26px|false|false\u00bb custom_padding_last_edited=\u00bbon|desktop\u00bb global_colors_info=\u00bb{}\u00bb]<\/p>\n<p>[\/et_pb_divider][\/et_pb_column][\/et_pb_row][et_pb_row column_structure=\u00bb1_3,1_3,1_3&#8243; _builder_version=\u00bb4.3.2&#8243; animation_style=\u00bbslide\u00bb animation_direction=\u00bbright\u00bb global_colors_info=\u00bb{}\u00bb][et_pb_column type=\u00bb1_3&#8243; _builder_version=\u00bb4.3.2&#8243; global_colors_info=\u00bb{}\u00bb][et_pb_image src=\u00bbhttps:\/\/reservaseltaxi.com\/excellencetaxibcn\/wp-content\/uploads\/sites\/5\/2020\/12\/pantalla-taxi-web.png\u00bb align=\u00bbcenter\u00bb _builder_version=\u00bb4.3.2&#8243; scroll_fade_enable=\u00bbon\u00bb global_colors_info=\u00bb{}\u00bb]<\/p>\n<p>[\/et_pb_image][et_pb_text _builder_version=\u00bb4.3.2&#8243; text_orientation=\u00bbcenter\u00bb background_layout=\u00bbdark\u00bb global_colors_info=\u00bb{}\u00bb]<\/p>\n<p>Acceda al portal con su usuario y contrase\u00f1a, si no las tiene reg\u00edstrese.<\/p>\n<p>[\/et_pb_text][\/et_pb_column][et_pb_column type=\u00bb1_3&#8243; _builder_version=\u00bb4.3.2&#8243; global_colors_info=\u00bb{}\u00bb][et_pb_image src=\u00bbhttps:\/\/reservaseltaxi.com\/excellencetaxibcn\/wp-content\/uploads\/sites\/5\/2020\/12\/ICONOS-TAXIweb.png\u00bb align=\u00bbcenter\u00bb _builder_version=\u00bb4.3.2&#8243; scroll_fade_enable=\u00bbon\u00bb global_colors_info=\u00bb{}\u00bb]<\/p>\n<p>[\/et_pb_image][et_pb_text _builder_version=\u00bb4.3.2&#8243; text_orientation=\u00bbcenter\u00bb background_layout=\u00bbdark\u00bb global_colors_info=\u00bb{}\u00bb]<\/p>\n<p>Realice la reserva de su taxi en el horario deseado, podr\u00e1 consultar en todo momento el estado de su taxi<\/p>\n<p>[\/et_pb_text][\/et_pb_column][et_pb_column type=\u00bb1_3&#8243; _builder_version=\u00bb4.3.2&#8243; global_colors_info=\u00bb{}\u00bb][et_pb_image src=\u00bbhttps:\/\/reservaseltaxi.com\/excellencetaxibcn\/wp-content\/uploads\/sites\/5\/2020\/12\/ICONOS-TAXIweb-particulares.png\u00bb align=\u00bbcenter\u00bb _builder_version=\u00bb4.3.2&#8243; scroll_fade_enable=\u00bbon\u00bb global_colors_info=\u00bb{}\u00bb]<\/p>\n<p>[\/et_pb_image][et_pb_text _builder_version=\u00bb4.10.6&#8243; vertical_offset_tablet=\u00bb0&#8243; horizontal_offset_tablet=\u00bb0&#8243; text_orientation=\u00bbcenter\u00bb background_layout=\u00bbdark\u00bb z_index_tablet=\u00bb0&#8243; text_text_shadow_horizontal_length_tablet=\u00bb0px\u00bb text_text_shadow_vertical_length_tablet=\u00bb0px\u00bb text_text_shadow_blur_strength_tablet=\u00bb1px\u00bb link_text_shadow_horizontal_length_tablet=\u00bb0px\u00bb link_text_shadow_vertical_length_tablet=\u00bb0px\u00bb link_text_shadow_blur_strength_tablet=\u00bb1px\u00bb ul_text_shadow_horizontal_length_tablet=\u00bb0px\u00bb ul_text_shadow_vertical_length_tablet=\u00bb0px\u00bb ul_text_shadow_blur_strength_tablet=\u00bb1px\u00bb ol_text_shadow_horizontal_length_tablet=\u00bb0px\u00bb ol_text_shadow_vertical_length_tablet=\u00bb0px\u00bb ol_text_shadow_blur_strength_tablet=\u00bb1px\u00bb quote_text_shadow_horizontal_length_tablet=\u00bb0px\u00bb quote_text_shadow_vertical_length_tablet=\u00bb0px\u00bb quote_text_shadow_blur_strength_tablet=\u00bb1px\u00bb header_text_shadow_horizontal_length_tablet=\u00bb0px\u00bb header_text_shadow_vertical_length_tablet=\u00bb0px\u00bb header_text_shadow_blur_strength_tablet=\u00bb1px\u00bb header_2_text_shadow_horizontal_length_tablet=\u00bb0px\u00bb header_2_text_shadow_vertical_length_tablet=\u00bb0px\u00bb header_2_text_shadow_blur_strength_tablet=\u00bb1px\u00bb header_3_text_shadow_horizontal_length_tablet=\u00bb0px\u00bb header_3_text_shadow_vertical_length_tablet=\u00bb0px\u00bb header_3_text_shadow_blur_strength_tablet=\u00bb1px\u00bb header_4_text_shadow_horizontal_length_tablet=\u00bb0px\u00bb header_4_text_shadow_vertical_length_tablet=\u00bb0px\u00bb header_4_text_shadow_blur_strength_tablet=\u00bb1px\u00bb header_5_text_shadow_horizontal_length_tablet=\u00bb0px\u00bb header_5_text_shadow_vertical_length_tablet=\u00bb0px\u00bb header_5_text_shadow_blur_strength_tablet=\u00bb1px\u00bb header_6_text_shadow_horizontal_length_tablet=\u00bb0px\u00bb header_6_text_shadow_vertical_length_tablet=\u00bb0px\u00bb header_6_text_shadow_blur_strength_tablet=\u00bb1px\u00bb box_shadow_horizontal_tablet=\u00bb0px\u00bb box_shadow_vertical_tablet=\u00bb0px\u00bb box_shadow_blur_tablet=\u00bb40px\u00bb box_shadow_spread_tablet=\u00bb0px\u00bb global_colors_info=\u00bb{}\u00bb]<\/p>\n<p>Para cualquier duda sobre su reserva contacte al tel\u00e9fono: 933 015 015<\/p>\n<p>[\/et_pb_text][\/et_pb_column][\/et_pb_row][\/et_pb_section][et_pb_section fb_built=\u00bb1&#8243; _builder_version=\u00bb4.3.2&#8243; global_colors_info=\u00bb{}\u00bb][et_pb_row _builder_version=\u00bb4.3.2&#8243; animation_style=\u00bbslide\u00bb animation_direction=\u00bbleft\u00bb global_colors_info=\u00bb{}\u00bb][et_pb_column type=\u00bb4_4&#8243; _builder_version=\u00bb4.3.2&#8243; global_colors_info=\u00bb{}\u00bb][et_pb_text _builder_version=\u00bb4.7.7&#8243; header_2_font=\u00bb|600|||||||\u00bb header_2_text_align=\u00bbcenter\u00bb header_2_text_color=\u00bb#000000&#8243; header_2_font_size=\u00bb37px\u00bb global_colors_info=\u00bb{}\u00bb]<\/p>\n<h2>VENTAJAS<\/h2>\n<p>[\/et_pb_text][et_pb_divider color=\u00bb#000000&#8243; divider_weight=\u00bb3px\u00bb _builder_version=\u00bb4.7.7&#8243; width=\u00bb7%\u00bb width_tablet=\u00bb\u00bb width_phone=\u00bb\u00bb width_last_edited=\u00bbon|tablet\u00bb max_width=\u00bb100%\u00bb module_alignment=\u00bbleft\u00bb custom_margin=\u00bb-35px||||false|false\u00bb custom_padding=\u00bb|||549px|false|false\u00bb custom_padding_tablet=\u00bb|||210px|false|false\u00bb custom_padding_phone=\u00bb|||108px|false|false\u00bb custom_padding_last_edited=\u00bbon|phone\u00bb global_colors_info=\u00bb{}\u00bb]<\/p>\n<p>[\/et_pb_divider][\/et_pb_column][\/et_pb_row][et_pb_row column_structure=\u00bb1_3,1_3,1_3&#8243; _builder_version=\u00bb4.3.2&#8243; animation_style=\u00bbslide\u00bb animation_direction=\u00bbbottom\u00bb animation_delay=\u00bb350ms\u00bb global_colors_info=\u00bb{}\u00bb][et_pb_column type=\u00bb1_3&#8243; _builder_version=\u00bb4.3.2&#8243; global_colors_info=\u00bb{}\u00bb][et_pb_image src=\u00bbhttps:\/\/reservaseltaxi.com\/excellencetaxibcn\/wp-content\/uploads\/sites\/5\/2020\/12\/ICONOS-TAXIWEB-ELTAXI.png\u00bb align=\u00bbcenter\u00bb _builder_version=\u00bb4.7.7&#8243; filter_brightness=\u00bb0%\u00bb global_colors_info=\u00bb{}\u00bb]<\/p>\n<p>[\/et_pb_image][et_pb_text _builder_version=\u00bb4.5.1&#8243; text_orientation=\u00bbcenter\u00bb global_colors_info=\u00bb{}\u00bb]<\/p>\n<p>Pida un taxi de forma<br \/> f\u00e1cil a trav\u00e9s de la web.<\/p>\n<p>[\/et_pb_text][\/et_pb_column][et_pb_column type=\u00bb1_3&#8243; _builder_version=\u00bb4.3.2&#8243; global_colors_info=\u00bb{}\u00bb][et_pb_image src=\u00bbhttps:\/\/reservaseltaxi.com\/excellencetaxibcn\/wp-content\/uploads\/sites\/5\/2020\/12\/ICONOS-TAXIWEB-1.png\u00bb align=\u00bbcenter\u00bb _builder_version=\u00bb4.5.1&#8243; filter_brightness=\u00bb0%\u00bb global_colors_info=\u00bb{}\u00bb]<\/p>\n<p>[\/et_pb_image][et_pb_text _builder_version=\u00bb4.5.1&#8243; text_orientation=\u00bbcenter\u00bb global_colors_info=\u00bb{}\u00bb]<\/p>\n<p>Portal autogestionable<br \/> de forma interna.<\/p>\n<p>[\/et_pb_text][\/et_pb_column][et_pb_column type=\u00bb1_3&#8243; _builder_version=\u00bb4.3.2&#8243; global_colors_info=\u00bb{}\u00bb][et_pb_image src=\u00bbhttps:\/\/reservaseltaxi.com\/excellencetaxibcn\/wp-content\/uploads\/sites\/5\/2020\/12\/ICONOS-CALENDARIO.png\u00bb align=\u00bbcenter\u00bb _builder_version=\u00bb4.5.1&#8243; filter_brightness=\u00bb0%\u00bb global_colors_info=\u00bb{}\u00bb]<\/p>\n<p>[\/et_pb_image][et_pb_text _builder_version=\u00bb4.5.1&#8243; text_orientation=\u00bbcenter\u00bb global_colors_info=\u00bb{}\u00bb]<\/p>\n<p>Reserve su taxi a la hora<br \/> que desee.<\/p>\n<p>[\/et_pb_text][\/et_pb_column][\/et_pb_row][et_pb_row column_structure=\u00bb1_3,1_3,1_3&#8243; _builder_version=\u00bb4.3.2&#8243; animation_style=\u00bbslide\u00bb animation_direction=\u00bbbottom\u00bb animation_delay=\u00bb350ms\u00bb global_colors_info=\u00bb{}\u00bb][et_pb_column type=\u00bb1_3&#8243; _builder_version=\u00bb4.3.2&#8243; global_colors_info=\u00bb{}\u00bb][et_pb_image src=\u00bbhttps:\/\/reservaseltaxi.com\/excellencetaxibcn\/wp-content\/uploads\/sites\/5\/2020\/12\/ICONOS-FACTURA.png\u00bb align=\u00bbcenter\u00bb _builder_version=\u00bb4.5.1&#8243; filter_brightness=\u00bb0%\u00bb global_colors_info=\u00bb{}\u00bb]<\/p>\n<p>[\/et_pb_image][et_pb_text _builder_version=\u00bb4.5.1&#8243; text_orientation=\u00bbcenter\u00bb global_colors_info=\u00bb{}\u00bb]<\/p>\n<p>Controle sus gastos y visualice<br \/> sus facturas.<\/p>\n<p>[\/et_pb_text][\/et_pb_column][et_pb_column type=\u00bb1_3&#8243; _builder_version=\u00bb4.3.2&#8243; global_colors_info=\u00bb{}\u00bb][et_pb_image src=\u00bbhttps:\/\/reservaseltaxi.com\/excellencetaxibcn\/wp-content\/uploads\/sites\/5\/2020\/12\/ICONOS-CALCULADORA.png\u00bb align=\u00bbcenter\u00bb _builder_version=\u00bb4.5.1&#8243; filter_brightness=\u00bb0%\u00bb global_colors_info=\u00bb{}\u00bb]<\/p>\n<p>[\/et_pb_image][et_pb_text _builder_version=\u00bb4.5.1&#8243; text_orientation=\u00bbcenter\u00bb global_colors_info=\u00bb{}\u00bb]<\/p>\n<p>Consulte el hist\u00f3rico de<br \/> sus servicios.<\/p>\n<p>[\/et_pb_text][\/et_pb_column][et_pb_column type=\u00bb1_3&#8243; _builder_version=\u00bb4.3.2&#8243; global_colors_info=\u00bb{}\u00bb][et_pb_image src=\u00bbhttps:\/\/reservaseltaxi.com\/excellencetaxibcn\/wp-content\/uploads\/sites\/5\/2020\/12\/ICONOS-TAXIWEB-ELTAXI.png\u00bb align=\u00bbcenter\u00bb _builder_version=\u00bb4.5.1&#8243; filter_brightness=\u00bb0%\u00bb global_colors_info=\u00bb{}\u00bb]<\/p>\n<p>[\/et_pb_image][et_pb_text _builder_version=\u00bb4.5.1&#8243; text_orientation=\u00bbcenter\u00bb global_colors_info=\u00bb{}\u00bb]<\/p>\n<p>Tiene la opci\u00f3n de viajar<br \/> a cr\u00e9dito y pagar a final<br \/> de mes.<br \/> <em>*Servicio bajo previa autorizaci\u00f3n<\/em><br \/> <em>administrativa<\/em><\/p>\n<p>[\/et_pb_text][\/et_pb_column][\/et_pb_row][\/et_pb_section][et_pb_section fb_built=\u00bb1&#8243; _builder_version=\u00bb4.3.2&#8243; use_background_color_gradient=\u00bbon\u00bb background_color_gradient_start=\u00bb#000000&#8243; background_color_gradient_end=\u00bb#474747&#8243; global_colors_info=\u00bb{}\u00bb][et_pb_row column_structure=\u00bb1_3,1_3,1_3&#8243; _builder_version=\u00bb4.3.2&#8243; max_width=\u00bb1476px\u00bb global_colors_info=\u00bb{}\u00bb][et_pb_column type=\u00bb1_3&#8243; _builder_version=\u00bb4.3.2&#8243; global_colors_info=\u00bb{}\u00bb][et_pb_text _builder_version=\u00bb4.10.6&#8243; text_font=\u00bb|600|||||||\u00bb text_font_size=\u00bb18px\u00bb text_line_height=\u00bb1.9em\u00bb link_text_color=\u00bb#fedf1a\u00bb vertical_offset_tablet=\u00bb0&#8243; horizontal_offset_tablet=\u00bb0&#8243; background_layout=\u00bbdark\u00bb z_index_tablet=\u00bb0&#8243; text_text_shadow_horizontal_length_tablet=\u00bb0px\u00bb text_text_shadow_vertical_length_tablet=\u00bb0px\u00bb text_text_shadow_blur_strength_tablet=\u00bb1px\u00bb link_text_shadow_horizontal_length_tablet=\u00bb0px\u00bb link_text_shadow_vertical_length_tablet=\u00bb0px\u00bb link_text_shadow_blur_strength_tablet=\u00bb1px\u00bb ul_text_shadow_horizontal_length_tablet=\u00bb0px\u00bb ul_text_shadow_vertical_length_tablet=\u00bb0px\u00bb ul_text_shadow_blur_strength_tablet=\u00bb1px\u00bb ol_text_shadow_horizontal_length_tablet=\u00bb0px\u00bb ol_text_shadow_vertical_length_tablet=\u00bb0px\u00bb ol_text_shadow_blur_strength_tablet=\u00bb1px\u00bb quote_text_shadow_horizontal_length_tablet=\u00bb0px\u00bb quote_text_shadow_vertical_length_tablet=\u00bb0px\u00bb quote_text_shadow_blur_strength_tablet=\u00bb1px\u00bb header_text_shadow_horizontal_length_tablet=\u00bb0px\u00bb header_text_shadow_vertical_length_tablet=\u00bb0px\u00bb header_text_shadow_blur_strength_tablet=\u00bb1px\u00bb header_2_text_shadow_horizontal_length_tablet=\u00bb0px\u00bb header_2_text_shadow_vertical_length_tablet=\u00bb0px\u00bb header_2_text_shadow_blur_strength_tablet=\u00bb1px\u00bb header_3_text_shadow_horizontal_length_tablet=\u00bb0px\u00bb header_3_text_shadow_vertical_length_tablet=\u00bb0px\u00bb header_3_text_shadow_blur_strength_tablet=\u00bb1px\u00bb header_4_text_shadow_horizontal_length_tablet=\u00bb0px\u00bb header_4_text_shadow_vertical_length_tablet=\u00bb0px\u00bb header_4_text_shadow_blur_strength_tablet=\u00bb1px\u00bb header_5_text_shadow_horizontal_length_tablet=\u00bb0px\u00bb header_5_text_shadow_vertical_length_tablet=\u00bb0px\u00bb header_5_text_shadow_blur_strength_tablet=\u00bb1px\u00bb header_6_text_shadow_horizontal_length_tablet=\u00bb0px\u00bb header_6_text_shadow_vertical_length_tablet=\u00bb0px\u00bb header_6_text_shadow_blur_strength_tablet=\u00bb1px\u00bb box_shadow_horizontal_tablet=\u00bb0px\u00bb box_shadow_vertical_tablet=\u00bb0px\u00bb box_shadow_blur_tablet=\u00bb40px\u00bb box_shadow_spread_tablet=\u00bb0px\u00bb global_colors_info=\u00bb{}\u00bb]<\/p>\n<p>Excellence Taxi Barcelona<br \/>Atenci\u00f3n al cliente Telf 24 H: 933 015 015<br \/>Whatsapp: 675 50 06 96<br \/>Mail: excellencetaxibcn@gmail.com<\/p>\n<p>[\/et_pb_text][\/et_pb_column][et_pb_column type=\u00bb1_3&#8243; _builder_version=\u00bb4.3.2&#8243; global_colors_info=\u00bb{}\u00bb][et_pb_image src=\u00bbhttps:\/\/reservaseltaxi.com\/excellencetaxibcn\/wp-content\/uploads\/sites\/5\/2021\/02\/excellence-reservas.png\u00bb title_text=\u00bbexcellence-reservas\u00bb align=\u00bbcenter\u00bb _builder_version=\u00bb4.7.7&#8243; _module_preset=\u00bbdefault\u00bb global_colors_info=\u00bb{}\u00bb]<\/p>\n<p>[\/et_pb_image][et_pb_text _builder_version=\u00bb4.7.7&#8243; text_text_color=\u00bb#fedf1a\u00bb text_font_size=\u00bb23px\u00bb link_text_color=\u00bb#fedf1a\u00bb text_orientation=\u00bbcenter\u00bb background_layout=\u00bbdark\u00bb locked=\u00bboff\u00bb global_colors_info=\u00bb{}\u00bb]<\/p>\n<p>EXCELLENCE TAXI<a href=\"http:\/\/eltaxiweb.radiotaxi033.com\" target=\"_blank\" rel=\"noopener noreferrer\"><\/a><\/p>\n<p>[\/et_pb_text][\/et_pb_column][et_pb_column type=\u00bb1_3&#8243; _builder_version=\u00bb4.7.7&#8243; _module_preset=\u00bbdefault\u00bb global_colors_info=\u00bb{}\u00bb][et_pb_image src=\u00bbhttps:\/\/reservaseltaxi.com\/excellencetaxibcn\/wp-content\/uploads\/sites\/5\/2021\/03\/app-eltaxi-taxi.eu_.png\u00bb title_text=\u00bbapp eltaxi-taxi.eu\u00bb align=\u00bbcenter\u00bb _builder_version=\u00bb4.7.7&#8243; global_colors_info=\u00bb{}\u00bb]<\/p>\n<p>[\/et_pb_image][et_pb_text _builder_version=\u00bb4.14.8&#8243; text_text_color=\u00bb#fedf1a\u00bb text_font_size=\u00bb23px\u00bb link_text_color=\u00bb#fedf1a\u00bb text_orientation=\u00bbcenter\u00bb background_layout=\u00bbdark\u00bb hover_enabled=\u00bb0&#8243; global_colors_info=\u00bb{}\u00bb sticky_enabled=\u00bb0&#8243;]<\/p>\n<p>Taxi Services Provider SL<\/p>\n<p>B-66116633<\/p>\n<p><a href=\"https:\/\/reservaseltaxi.com\/condiciones-generales-e-instrucciones-de-uso-de-taxiweb\/\" target=\"_blank\" rel=\"noopener noreferrer\">CONDICIONES GENERALES E INSTRUCCIONES DE USO DEL TAXI WEB<\/a><\/p>\n<p>[\/et_pb_text][\/et_pb_column][\/et_pb_row][\/et_pb_section]<\/p>\n","protected":false},"excerpt":{"rendered":"<p>Plataforma online de reservas de taxis para empresas y clientes habituales de taxi Alta de servicio Empresas Particulares\u00bfC\u00d3MO FUNCIONA? Acceda al portal con su usuario y contrase\u00f1a, si no las tiene reg\u00edstrese. Realice la reserva de su taxi en el horario deseado, podr\u00e1 consultar en todo momento el estado de su taxi Para cualquier duda [&hellip;]<\/p>\n","protected":false},"author":1,"featured_media":0,"parent":0,"menu_order":0,"comment_status":"closed","ping_status":"closed","template":"","meta":{"_et_pb_use_builder":"on","_et_pb_old_content":"<!-- wp:divi\/placeholder \/-->","_et_gb_content_width":"","footnotes":""},"class_list":["post-24","page","type-page","status-publish","hentry"],"_links":{"self":[{"href":"https:\/\/reservaseltaxi.com\/excellencetaxibcn\/wp-json\/wp\/v2\/pages\/24","targetHints":{"allow":["GET"]}}],"collection":[{"href":"https:\/\/reservaseltaxi.com\/excellencetaxibcn\/wp-json\/wp\/v2\/pages"}],"about":[{"href":"https:\/\/reservaseltaxi.com\/excellencetaxibcn\/wp-json\/wp\/v2\/types\/page"}],"author":[{"embeddable":true,"href":"https:\/\/reservaseltaxi.com\/excellencetaxibcn\/wp-json\/wp\/v2\/users\/1"}],"replies":[{"embeddable":true,"href":"https:\/\/reservaseltaxi.com\/excellencetaxibcn\/wp-json\/wp\/v2\/comments?post=24"}],"version-history":[{"count":20,"href":"https:\/\/reservaseltaxi.com\/excellencetaxibcn\/wp-json\/wp\/v2\/pages\/24\/revisions"}],"predecessor-version":[{"id":76,"href":"https:\/\/reservaseltaxi.com\/excellencetaxibcn\/wp-json\/wp\/v2\/pages\/24\/revisions\/76"}],"wp:attachment":[{"href":"https:\/\/reservaseltaxi.com\/excellencetaxibcn\/wp-json\/wp\/v2\/media?parent=24"}],"curies":[{"name":"wp","href":"https:\/\/api.w.org\/{rel}","templated":true}]}}